{"id":196,"date":"2021-12-07T15:48:22","date_gmt":"2021-12-07T14:48:22","guid":{"rendered":"https:\/\/stage.gletscher-eis.com\/?page_id=196"},"modified":"2025-07-21T09:37:15","modified_gmt":"2025-07-21T07:37:15","slug":"impressum","status":"publish","type":"page","link":"https:\/\/www.gletscher-eis.com\/de\/impressum\/","title":{"rendered":"Impressum"},"content":{"rendered":"\n<p><strong>The fruit &amp; herbal drinks company HandelsGmbH<\/strong><\/p>\n\n\n\n<p>Bahnhofstra\u00dfe 47, 6175 Kematen in Tirol<\/p>\n\n\n\n<p>Tel.+43 5232 20777-850, Fax +43 5232 20777-888<\/p>\n\n\n\n<hr class=\"wp-block-separator has-css-opacity is-style-wide\"\/>\n\n\n\n<p><strong>Gesch\u00e4ftsf\u00fchrer:<\/strong><\/p>\n\n\n\n<p>Martin Petz<\/p>\n\n\n\n<p>Unternehmensgegenstand:<\/p>\n\n\n\n<p>\u201eHandel mit Lebens- und Genussmitteln\u201c<\/p>\n\n\n\n<p>Mitglied der Wirtschaftskammer Tirol:<\/p>\n\n\n\n<p>Sparte Handel \/ FG Lebensmittelhandel<\/p>\n\n\n\n<hr class=\"wp-block-separator has-css-opacity is-style-wide\"\/>\n\n\n\n<p><strong>Berufsrecht:<\/strong><\/p>\n\n\n\n<p>Gewerbeordnung: <a href=\"http:\/\/www.ris.bka.gv.at\" target=\"_blank\" rel=\"noopener\">www.ris.bka.gv.at<\/a><\/p>\n\n\n\n<hr class=\"wp-block-separator has-css-opacity is-style-wide\"\/>\n\n\n\n<p><strong>Gender:<\/strong><\/p>\n\n\n\n<p>Wir legen gro\u00dfen Wert auf Gleichbehandlung. Im Sinne einer besseren Lesbarkeit wird im Text darauf verzichtet, die m\u00e4nnliche und die weibliche Form zu verwenden. Es wird jeweils nur eine der beiden Formen verwendet, wobei die andere automatisch mit eingeschlossen ist.<\/p>\n\n\n\n<hr class=\"wp-block-separator has-css-opacity is-style-wide\"\/>\n\n\n\n<p><strong>Handelsregister:<\/strong><\/p>\n\n\n\n<p>Landesgericht Innsbruck, FN 201915i<\/p>\n\n\n\n<p>Umsatzsteuer-Identifikationsnummer:<\/p>\n\n\n\n<p>ATU50482605<\/p>\n\n\n\n<p>Verantwortlich gem\u00e4\u00df \u00a7 55 RStV:<\/p>\n\n\n\n<p>Martin Petz<\/p>\n\n\n\n<p>Bahnhofstrasse 47<\/p>\n\n\n\n<p>6175 Kematen in Tirol<\/p>\n\n\n\n<p><\/p>\n\n\n\n<p><\/p>\n","protected":false},"excerpt":{"rendered":"<p>The fruit &amp; herbal drinks company HandelsGmbH Bahnhofstra\u00dfe 47, 6175 Kematen in Tirol Tel.+43 5232 20777-850, Fax +43 5232 20777-888 Gesch\u00e4ftsf\u00fchrer: Martin Petz Unternehmensgegenstand: \u201eHandel mit Lebens- und Genussmitteln\u201c Mitglied der Wirtschaftskammer Tirol: Sparte Handel \/ FG Lebensmittelhandel Berufsrecht: Gewerbeordnung: www.ris.bka.gv.at Gender: Wir legen gro\u00dfen Wert auf Gleichbehandlung. Im Sinne einer besseren Lesbarkeit wird im [&hellip;]<\/p>\n","protected":false},"author":3,"featured_media":0,"parent":0,"menu_order":9,"comment_status":"closed","ping_status":"open","template":"","meta":{"_acf_changed":false,"inline_featured_image":false,"footnotes":""},"categories":[],"tags":[],"class_list":["post-196","page","type-page","status-publish","hentry"],"acf":[],"_links":{"self":[{"href":"https:\/\/www.gletscher-eis.com\/de\/wp-json\/wp\/v2\/pages\/196","targetHints":{"allow":["GET"]}}],"collection":[{"href":"https:\/\/www.gletscher-eis.com\/de\/wp-json\/wp\/v2\/pages"}],"about":[{"href":"https:\/\/www.gletscher-eis.com\/de\/wp-json\/wp\/v2\/types\/page"}],"author":[{"embeddable":true,"href":"https:\/\/www.gletscher-eis.com\/de\/wp-json\/wp\/v2\/users\/3"}],"replies":[{"embeddable":true,"href":"https:\/\/www.gletscher-eis.com\/de\/wp-json\/wp\/v2\/comments?post=196"}],"version-history":[{"count":5,"href":"https:\/\/www.gletscher-eis.com\/de\/wp-json\/wp\/v2\/pages\/196\/revisions"}],"predecessor-version":[{"id":628,"href":"https:\/\/www.gletscher-eis.com\/de\/wp-json\/wp\/v2\/pages\/196\/revisions\/628"}],"wp:attachment":[{"href":"https:\/\/www.gletscher-eis.com\/de\/wp-json\/wp\/v2\/media?parent=196"}],"wp:term":[{"taxonomy":"category","embeddable":true,"href":"https:\/\/www.gletscher-eis.com\/de\/wp-json\/wp\/v2\/categories?post=196"},{"taxonomy":"post_tag","embeddable":true,"href":"https:\/\/www.gletscher-eis.com\/de\/wp-json\/wp\/v2\/tags?post=196"}],"curies":[{"name":"wp","href":"https:\/\/api.w.org\/{rel}","templated":true}]}}