{"id":23,"date":"2021-11-03T10:13:15","date_gmt":"2021-11-03T09:13:15","guid":{"rendered":"https:\/\/stage.gletscher-eis.com\/regional-kaufen\/"},"modified":"2022-03-03T10:42:19","modified_gmt":"2022-03-03T09:42:19","slug":"regional-kaufen","status":"publish","type":"page","link":"https:\/\/www.gletscher-eis.com\/de\/regional-kaufen\/","title":{"rendered":"Regional kaufen"},"content":{"rendered":"\n<h2 class=\"wp-block-heading\">Liebe GletscherEis Freunde<\/h2>\n\n\n\n<p>Online bestellen ist praktisch und bequem. Trotzdem ist es f\u00fcr viele immer wieder interessant, GletscherEis direkt vor Ort in Tirol zu kaufen. Viele sch\u00e4tzen die pers\u00f6nliche Beratung beim lokalen Lebensmittel- oder Spirituosen Fachh\u00e4ndler und ein nettes Gespr\u00e4ch.<\/p>\n\n\n\n<p>M\u00f6chten auch Sie direkt in Tirol und Umgebung einkaufen, geben Sie einfach Ihren Standort unten ein. Sie erhalten eine Auswahl der Kr\u00e4uterdestillerie H\u00e4ndler in Ihrer N\u00e4he. Sollte der n\u00e4chste Verkaufsstandort zu weit entfernt sein, kommen doch wieder die Vorteile von Laptop &amp; Co. zum Tragen. Nutzen Sie die einfache Einkaufsm\u00f6glichkeit direkt \u00fcber unseren\u00a0<a href=\"https:\/\/www.tiroler-kraeuter-destillerie.com\/de\/p\/gletschereis-feuerlikoer\" target=\"_blank\" rel=\"noopener\">Onlineshop<\/a><\/p>\n\n\n\n<p>Wir liefern International - schnell &amp; bruchsicher verpackt.<\/p>\n","protected":false},"excerpt":{"rendered":"<p>Liebe GletscherEis Freunde Online bestellen ist praktisch und bequem. Trotzdem ist es f\u00fcr viele immer wieder interessant, GletscherEis direkt vor Ort in Tirol zu kaufen. Viele sch\u00e4tzen die pers\u00f6nliche Beratung beim lokalen Lebensmittel- oder Spirituosen Fachh\u00e4ndler und ein nettes Gespr\u00e4ch. M\u00f6chten auch Sie direkt in Tirol und Umgebung einkaufen, geben Sie einfach Ihren Standort unten [&hellip;]<\/p>\n","protected":false},"author":3,"featured_media":0,"parent":0,"menu_order":5,"comment_status":"closed","ping_status":"closed","template":"","meta":{"_acf_changed":false,"inline_featured_image":false,"footnotes":""},"categories":[],"tags":[],"class_list":["post-23","page","type-page","status-publish","hentry"],"acf":[],"_links":{"self":[{"href":"https:\/\/www.gletscher-eis.com\/de\/wp-json\/wp\/v2\/pages\/23","targetHints":{"allow":["GET"]}}],"collection":[{"href":"https:\/\/www.gletscher-eis.com\/de\/wp-json\/wp\/v2\/pages"}],"about":[{"href":"https:\/\/www.gletscher-eis.com\/de\/wp-json\/wp\/v2\/types\/page"}],"author":[{"embeddable":true,"href":"https:\/\/www.gletscher-eis.com\/de\/wp-json\/wp\/v2\/users\/3"}],"replies":[{"embeddable":true,"href":"https:\/\/www.gletscher-eis.com\/de\/wp-json\/wp\/v2\/comments?post=23"}],"version-history":[{"count":5,"href":"https:\/\/www.gletscher-eis.com\/de\/wp-json\/wp\/v2\/pages\/23\/revisions"}],"predecessor-version":[{"id":282,"href":"https:\/\/www.gletscher-eis.com\/de\/wp-json\/wp\/v2\/pages\/23\/revisions\/282"}],"wp:attachment":[{"href":"https:\/\/www.gletscher-eis.com\/de\/wp-json\/wp\/v2\/media?parent=23"}],"wp:term":[{"taxonomy":"category","embeddable":true,"href":"https:\/\/www.gletscher-eis.com\/de\/wp-json\/wp\/v2\/categories?post=23"},{"taxonomy":"post_tag","embeddable":true,"href":"https:\/\/www.gletscher-eis.com\/de\/wp-json\/wp\/v2\/tags?post=23"}],"curies":[{"name":"wp","href":"https:\/\/api.w.org\/{rel}","templated":true}]}}